{"id":141,"date":"2025-06-03T16:51:11","date_gmt":"2025-06-03T16:51:11","guid":{"rendered":"http:\/\/football.lsocolombes.fr\/?page_id=141"},"modified":"2025-06-03T16:52:00","modified_gmt":"2025-06-03T16:52:00","slug":"accueil","status":"publish","type":"page","link":"http:\/\/football.lsocolombes.fr\/?page_id=141","title":{"rendered":"ACCUEIL"},"content":{"rendered":"\n<p><em>Le travail est toujours r\u00e9compens\u00e9 un jour ou l\u2019autre\u2026, e<\/em>n effet apr\u00e8s des saisons difficiles dues \u00e0 la descente de notre \u00e9quipe fanion, nous avons su travailler pour r\u00e9aliser une saison en apoth\u00e9ose pour l\u2019\u00e9quipe s\u00e9niors premi\u00e8re, champion depuis avril 2025 invaincue et vainqueur de la Coupe des Hauts-de -Seine. L\u2019investissement des gars a permis de prendre des points rapidement et \u00e9viter de trop gamberger dans un championnat o\u00f9 le 2<sup>\u00e8me<\/sup> finit avec plus de 40 points et un 3<sup>\u00e8me<\/sup> qui nous \u00e9tait oppos\u00e9 en finale de Coupe des Hauts-de-Seine. C\u2019\u00e9tait un groupe pas facile. L\u2019objectif de d\u00e9but de saison a \u00e9t\u00e9 atteint. On va s\u2019appuyer sur \u00e7a pour \u00eatre encore plus performant la saison prochaine pour aller chercher le championnat r\u00e9gional. Sur l\u2019exigence et la r\u00e9gularit\u00e9, \u00e7a a \u00e9t\u00e9 tr\u00e8s positif. Maintenant, nous devons aussi mettre plus de r\u00e9gularit\u00e9 afin de nous permettent de faire monter l\u2019\u00e9quipe 2 qui a rat\u00e9 la mont\u00e9e pour 2 points. C\u2019\u00e9tait tr\u00e8s important pour l\u2019avenir du club. Je suis satisfait de la saison et des b\u00e9n\u00e9voles qui m\u2019entourent.<\/p>\n","protected":false},"excerpt":{"rendered":"<div class=\"mh-excerpt\"><p>Le travail est toujours r\u00e9compens\u00e9 un jour ou l\u2019autre\u2026, en effet apr\u00e8s des saisons difficiles dues \u00e0 la descente de notre \u00e9quipe fanion, nous avons <a class=\"mh-excerpt-more\" href=\"http:\/\/football.lsocolombes.fr\/?page_id=141\" title=\"ACCUEIL\">[&#8230;]<\/a><\/p>\n<\/div>","protected":false},"author":1,"featured_media":0,"parent":0,"menu_order":0,"comment_status":"closed","ping_status":"closed","template":"","meta":{"footnotes":""},"class_list":["post-141","page","type-page","status-publish","hentry"],"_links":{"self":[{"href":"http:\/\/football.lsocolombes.fr\/index.php?rest_route=\/wp\/v2\/pages\/141","targetHints":{"allow":["GET"]}}],"collection":[{"href":"http:\/\/football.lsocolombes.fr\/index.php?rest_route=\/wp\/v2\/pages"}],"about":[{"href":"http:\/\/football.lsocolombes.fr\/index.php?rest_route=\/wp\/v2\/types\/page"}],"author":[{"embeddable":true,"href":"http:\/\/football.lsocolombes.fr\/index.php?rest_route=\/wp\/v2\/users\/1"}],"replies":[{"embeddable":true,"href":"http:\/\/football.lsocolombes.fr\/index.php?rest_route=%2Fwp%2Fv2%2Fcomments&post=141"}],"version-history":[{"count":2,"href":"http:\/\/football.lsocolombes.fr\/index.php?rest_route=\/wp\/v2\/pages\/141\/revisions"}],"predecessor-version":[{"id":143,"href":"http:\/\/football.lsocolombes.fr\/index.php?rest_route=\/wp\/v2\/pages\/141\/revisions\/143"}],"wp:attachment":[{"href":"http:\/\/football.lsocolombes.fr\/index.php?rest_route=%2Fwp%2Fv2%2Fmedia&parent=141"}],"curies":[{"name":"wp","href":"https:\/\/api.w.org\/{rel}","templated":true}]}}